{"id":159,"date":"2016-05-17T08:45:04","date_gmt":"2016-05-17T08:45:04","guid":{"rendered":"http:\/\/gt3demo.com\/wp\/bricks\/?page_id=159"},"modified":"2025-12-19T21:25:44","modified_gmt":"2025-12-19T19:25:44","slug":"contact-simple","status":"publish","type":"page","link":"https:\/\/remaka.ro\/?page_id=159","title":{"rendered":"Get in touch"},"content":{"rendered":"<div class=\"wpb-content-wrapper\"><p>[vc_row][vc_column css=&#8221;.vc_custom_1463476206537{margin-bottom: 17px !important;}&#8221;][vc_raw_html css=&#8221;&#8221;]JTNDaWZyYW1lJTIwd2lkdGglM0QlMjcxMDAlMjUlMjclMjBoZWlnaHQlM0QlMjc1MDAlMjclMjBmcmFtZWJvcmRlciUzRCUyNzAlMjclMjBzY3JvbGxpbmclM0QlMjdubyUyNyUyMG1hcmdpbmhlaWdodCUzRCUyNzAlMjclMjBtYXJnaW53aWR0aCUzRCUyNzAlMjclMjBzcmMlM0RodHRwcyUzQSUyRiUyRnd3dy5nb29nbGUuY29tJTJGbWFwcyUyRiU0MDQ0LjY4MDk2ODIlMkMyNi4xMjMwMzY1JTJDMTAyYSUyQzUwLjR5JTJDMS40NHQlMkZkYXRhJTNEJTIxM20xJTIxMWUzJTNGZW50cnklM0R0dHUlMjZnX2VwJTNERWdveU1ESTFNVEl3T1M0d0lLWE1EU29BU0FGUUF3JTI1M0QlMjUzRCUzQyUyRmlmcmFtZSUzRQ==[\/vc_raw_html][\/vc_column][\/vc_row][vc_row][vc_column][gt3_heading title=&#8221;say hello&#8221; heading_tag=&#8221;h6&#8243;][\/vc_column][\/vc_row][vc_row][vc_column css=&#8221;.vc_custom_1463475984212{margin-bottom: -11px !important;}&#8221;][vc_column_text css=&#8221;&#8221;]Pentru orice \u00eentreb\u0103ri, sugestii sau colabor\u0103ri, nu ezita\u021bi s\u0103 ne contacta\u021bi. Suntem aici pentru a v\u0103 ajuta![\/vc_column_text][\/vc_column][\/vc_row][vc_row][vc_column css=&#8221;.vc_custom_1463476000623{margin-bottom: -10px !important;}&#8221;][vc_separator color=&#8221;custom&#8221; accent_color=&#8221;#dbdbdb&#8221;][\/vc_column][\/vc_row][vc_row][vc_column css=&#8221;.vc_custom_1463475920683{margin-bottom: 17px !important;}&#8221;][vc_column_text css=&#8221;&#8221; el_class=&#8221;contact_info_p&#8221;]Ilfov, Snagov<\/p>\n<p>Dimitrie Cantemir 18<\/p>\n<p>remaka.services@gmail.com<\/p>\n<p>+40 733 200 702[\/vc_column_text][\/vc_column][\/vc_row][vc_row][vc_column css=&#8221;.vc_custom_1463475937169{margin-bottom: 6px !important;}&#8221;][gt3_heading title=&#8221;drop us a line&#8221; heading_tag=&#8221;h6&#8243;][\/vc_column][\/vc_row][vc_row][vc_column]<p class=\"wpcf7-contact-form-not-found\"><strong>Eroare:<\/strong> Nu am g\u0103sit formularul de contact.<\/p>[\/vc_column][\/vc_row]<\/p>\n<\/div>","protected":false},"excerpt":{"rendered":"<p>[vc_row][vc_column css=&#8221;.vc_custom_1463476206537{margin-bottom: 17px !important;}&#8221;][vc_raw_html css=&#8221;&#8221;]JTNDaWZyYW1lJTIwd2lkdGglM0QlMjcxMDAlMjUlMjclMjBoZWlnaHQlM0QlMjc1MDAlMjclMjBmcmFtZWJvcmRlciUzRCUyNzAlMjclMjBzY3JvbGxpbmclM0QlMjdubyUyNyUyMG1hcmdpbmhlaWdodCUzRCUyNzAlMjclMjBtYXJnaW53aWR0aCUzRCUyNzAlMjclMjBzcmMlM0RodHRwcyUzQSUyRiUyRnd3dy5nb29nbGUuY29tJTJGbWFwcyUyRiU0MDQ0LjY4MDk2ODIlMkMyNi4xMjMwMzY1JTJDMTAyYSUyQzUwLjR5JTJDMS40NHQlMkZkYXRhJTNEJTIxM20xJTIxMWUzJTNGZW50cnklM0R0dHUlMjZnX2VwJTNERWdveU1ESTFNVEl3T1M0d0lLWE1EU29BU0FGUUF3JTI1M0QlMjUzRCUzQyUyRmlmcmFtZSUzRQ==[\/vc_raw_html][\/vc_column][\/vc_row][vc_row][vc_column][gt3_heading title=&#8221;say hello&#8221; heading_tag=&#8221;h6&#8243;][\/vc_column][\/vc_row][vc_row][vc_column css=&#8221;.vc_custom_1463475984212{margin-bottom: -11px !important;}&#8221;][vc_column_text css=&#8221;&#8221;]Pentru orice \u00eentreb\u0103ri, sugestii sau colabor\u0103ri, nu ezita\u021bi s\u0103 ne contacta\u021bi. Suntem aici pentru a v\u0103 ajuta![\/vc_column_text][\/vc_column][\/vc_row][vc_row][vc_column css=&#8221;.vc_custom_1463476000623{margin-bottom: -10px !important;}&#8221;][vc_separator color=&#8221;custom&#8221; accent_color=&#8221;#dbdbdb&#8221;][\/vc_column][\/vc_row][vc_row][vc_column css=&#8221;.vc_custom_1463475920683{margin-bottom: 17px !important;}&#8221;][vc_column_text css=&#8221;&#8221; el_class=&#8221;contact_info_p&#8221;]Ilfov, Snagov Dimitrie Cantemir 18 remaka.services@gmail.com +40 733 200 702[\/vc_column_text][\/vc_column][\/vc_row][vc_row][vc_column css=&#8221;.vc_custom_1463475937169{margin-bottom: 6px !important;}&#8221;][gt3_heading title=&#8221;drop us a line&#8221; heading_tag=&#8221;h6&#8243;][\/vc_column][\/vc_row][vc_row][vc_column][\/vc_column][\/vc_row]<\/p>\n","protected":false},"author":1,"featured_media":0,"parent":0,"menu_order":0,"comment_status":"closed","ping_status":"closed","template":"","meta":{"footnotes":""},"class_list":["post-159","page","type-page","status-publish","hentry"],"_links":{"self":[{"href":"https:\/\/remaka.ro\/index.php?rest_route=\/wp\/v2\/pages\/159","targetHints":{"allow":["GET"]}}],"collection":[{"href":"https:\/\/remaka.ro\/index.php?rest_route=\/wp\/v2\/pages"}],"about":[{"href":"https:\/\/remaka.ro\/index.php?rest_route=\/wp\/v2\/types\/page"}],"author":[{"embeddable":true,"href":"https:\/\/remaka.ro\/index.php?rest_route=\/wp\/v2\/users\/1"}],"replies":[{"embeddable":true,"href":"https:\/\/remaka.ro\/index.php?rest_route=%2Fwp%2Fv2%2Fcomments&post=159"}],"version-history":[{"count":5,"href":"https:\/\/remaka.ro\/index.php?rest_route=\/wp\/v2\/pages\/159\/revisions"}],"predecessor-version":[{"id":1014,"href":"https:\/\/remaka.ro\/index.php?rest_route=\/wp\/v2\/pages\/159\/revisions\/1014"}],"wp:attachment":[{"href":"https:\/\/remaka.ro\/index.php?rest_route=%2Fwp%2Fv2%2Fmedia&parent=159"}],"curies":[{"name":"wp","href":"https:\/\/api.w.org\/{rel}","templated":true}]}}